{"id":2995,"date":"2025-08-19T09:44:36","date_gmt":"2025-08-19T12:44:36","guid":{"rendered":"https:\/\/festivaltaguatinga.com.br\/blog\/?page_id=2995"},"modified":"2025-08-19T09:55:08","modified_gmt":"2025-08-19T12:55:08","slug":"o-festival","status":"publish","type":"page","link":"https:\/\/festivaltaguatinga.com.br\/blog\/o-festival\/","title":{"rendered":"O FESTIVAL"},"content":{"rendered":"<p>[vc_row][vc_column][vc_column_text]<\/p>\n<p align=\"center\"><strong>18\u00ba FESTIVAL TAGU\u00c1 DE CINEMA &#8211; CHAMADA PARA INSCRI\u00c7\u00d5ES &#8211; 2025<\/strong><\/p>\n<p>&nbsp;<\/p>\n<p>Abrimos caminhos para o 18\u00ba Festival Tagu\u00e1 de Cinema de curtas-metragens nacionais, que acontecer\u00e1 em junho, festejando Taguatinga, essa cidade-territ\u00f3rio que materna o nosso Festival h\u00e1 27 anos.<\/p>\n<p>&nbsp;<\/p>\n<p>Esse territ\u00f3rio n\u00e3o \u00e9 s\u00f3 um lugar, \u00e9 uma experi\u00eancia que nos forma como indiv\u00edduos, viv\u00eancias comuns que nos d\u00e3o senso de comunidade, de coletivo, de cultura. Taguatinga \u00e9 um universo complexo, cheio de desejos, quereres, contradi\u00e7\u00f5es, projetos e de espa\u00e7os que pulsam vidas.<\/p>\n<p>&nbsp;<\/p>\n<p>Localizada a 20 quil\u00f4metros da capital, Tagu\u00e1 tem uma efervescente hist\u00f3ria cultural de resist\u00eancia, com atua\u00e7\u00e3o de diversos grupos e coletivos, que passa pelo movimento cultural dos anos 80 e hoje est\u00e1 presente em espa\u00e7os como a ocupa\u00e7\u00e3o cultural\u00a0<i>Mercado Sul Vive, Batalh\u00e3o das Artes, Festival &#8220;isso aqui \u00e9 df&#8221;, Galeria Olhos de \u00c1guia, Batalha da Fonte, Ocupa\u00e7\u00e3o RIA<\/i>\u00a0e tantos outros dos quais o Festival Tagu\u00e1 de Cinema faz parte.<\/p>\n<p>&nbsp;<\/p>\n<p>Celebramos seu legado e nos comprometemos nesta nova edi\u00e7\u00e3o, assim como as novas\/antigas possibilidades de Brasis, em reinventar e reaprender, em marcos pol\u00edticos, hist\u00f3ricos e culturais o que o cinema nos oportuniza a refletir\/atuar num Pa\u00eds profundo, de tantas desigualdades, mas tamb\u00e9m de in\u00fameras belezas emancipadoras.<\/p>\n<p>&nbsp;<\/p>\n<p>Continuamos a vislumbrar a reconstru\u00e7\u00e3o da Cultura e da Educa\u00e7\u00e3o no Pa\u00eds, e somamos ao desenhar um festival que atenda ao fortalecimento e difus\u00e3o de um audiovisual amplo em g\u00eaneros, est\u00e9ticas, linguagens; que estimulem e inspirem\u00a0<b>exist\u00eancias e coexist\u00eancias<\/b>.<\/p>\n<p>&nbsp;<\/p>\n<p>Di\u00e1logos que impliquem em perman\u00eancias dos territ\u00f3rios-corpos, das pluralidades e diversidades negras, ind\u00edgenas, das \u00e1guas e das florestas, de g\u00eaneros dissidentes e sexualidades m\u00faltiplas, das inf\u00e2ncias e juventudes livres, das pessoas com defici\u00eancias e das classes sociais perif\u00e9ricas que reinventam os cotidianos em formas m\u00faltiplas.<\/p>\n<p>&nbsp;<\/p>\n<p>Nos interessam, tamb\u00e9m, os\u00a0<b>modos de fazer cinema<\/b>\u00a0inventivo, respons\u00e1vel e atento \u00e0s mudan\u00e7as necess\u00e1rias, que potencializam quem est\u00e1 por tr\u00e1s das narrativas de realiza\u00e7\u00e3o. Roteiros e produ\u00e7\u00f5es, alian\u00e7as afetivas para cria\u00e7\u00e3o de filmes convergentes com uma ideia de futuro\/presente que exija deslocamentos. Filmes que prefiguram outros mundos poss\u00edveis.<\/p>\n<p>&nbsp;<\/p>\n<p>Obras que provoquem desalinhamentos e realinhamentos, que emerjam das encruzilhadas como caminhos de cria\u00e7\u00e3o e pertencimento em suas territorialidades e tessituras socioculturais. O Festival Tagu\u00e1 de Cinema deseja e prop\u00f5e o di\u00e1logo com produ\u00e7\u00f5es e realizadores de todo o territ\u00f3rio nacional.<\/p>\n<p>&nbsp;<\/p>\n<p>Aguardamos voc\u00eas!<\/p>\n<p>&nbsp;<\/p>\n<p>Est\u00e3o abertas as inscri\u00e7\u00f5es para a 18\u00aa edi\u00e7\u00e3o do Festival Tagu\u00e1 de Cinema!<\/p>\n<p>&nbsp;<\/p>\n<p>*O prazo de inscri\u00e7\u00e3o dos curtas termina em 25 de agosto e ter\u00e1 o limite de 500 filmes inscritos.[\/vc_column_text][\/vc_column][\/vc_row]<\/p>\n","protected":false},"excerpt":{"rendered":"<p>[vc_row][vc_column][vc_column_text] 18\u00ba FESTIVAL TAGU\u00c1 DE CINEMA &#8211; CHAMADA PARA INSCRI\u00c7\u00d5ES &#8211; 2025 &nbsp; Abrimos caminhos para o 18\u00ba Festival Tagu\u00e1 de Cinema de curtas-metragens nacionais, que acontecer\u00e1 em junho, festejando Taguatinga, essa cidade-territ\u00f3rio que materna o nosso Festival h\u00e1 27 anos. &nbsp; Esse territ\u00f3rio n\u00e3o \u00e9 s\u00f3 um lugar, \u00e9 uma experi\u00eancia que nos forma [&hellip;]<\/p>\n","protected":false},"author":11,"featured_media":0,"parent":0,"menu_order":0,"comment_status":"closed","ping_status":"closed","template":"","meta":{"footnotes":""},"class_list":["post-2995","page","type-page","status-publish","hentry"],"_links":{"self":[{"href":"https:\/\/festivaltaguatinga.com.br\/blog\/wp-json\/wp\/v2\/pages\/2995","targetHints":{"allow":["GET"]}}],"collection":[{"href":"https:\/\/festivaltaguatinga.com.br\/blog\/wp-json\/wp\/v2\/pages"}],"about":[{"href":"https:\/\/festivaltaguatinga.com.br\/blog\/wp-json\/wp\/v2\/types\/page"}],"author":[{"embeddable":true,"href":"https:\/\/festivaltaguatinga.com.br\/blog\/wp-json\/wp\/v2\/users\/11"}],"replies":[{"embeddable":true,"href":"https:\/\/festivaltaguatinga.com.br\/blog\/wp-json\/wp\/v2\/comments?post=2995"}],"version-history":[{"count":4,"href":"https:\/\/festivaltaguatinga.com.br\/blog\/wp-json\/wp\/v2\/pages\/2995\/revisions"}],"predecessor-version":[{"id":2999,"href":"https:\/\/festivaltaguatinga.com.br\/blog\/wp-json\/wp\/v2\/pages\/2995\/revisions\/2999"}],"wp:attachment":[{"href":"https:\/\/festivaltaguatinga.com.br\/blog\/wp-json\/wp\/v2\/media?parent=2995"}],"curies":[{"name":"wp","href":"https:\/\/api.w.org\/{rel}","templated":true}]}}